{"id":597,"date":"2015-08-11T14:35:30","date_gmt":"2015-08-11T12:35:30","guid":{"rendered":"https:\/\/www.real-estate-in-cyprus.com\/gayrimenkul-kibris-buyuyen-bir-yatirim-destinasyonu.html"},"modified":"2023-03-23T21:28:14","modified_gmt":"2023-03-23T20:28:14","slug":"gayrimenkul-kibris-buyuyen-bir-yatirim-destinasyonu","status":"publish","type":"page","link":"https:\/\/www.real-estate-in-cyprus.com\/tr\/","title":{"rendered":"Gay\u00adri\u00admen\u00adkul K\u0131br\u0131s \u2014 B\u00fcy\u00fcy\u00aden Bir Yat\u0131r\u0131m Destinasyonu"},"content":{"rendered":"<p>K\u0131br\u0131s uzun y\u0131l\u00adlar\u00add\u0131r gay\u00adri\u00admen\u00adkul yat\u0131r\u0131mc\u0131lar\u0131n\u0131n ilgi\u00adsi\u00adni \u00e7ek\u00admeye devam edi\u00adyor. Hem Kuzey hem de G\u00fcney K\u0131br\u0131s\u2019\u00adta\u00adki emlak piya\u00adsas\u0131 istik\u00adrar\u00adl\u0131 bir \u015fekil\u00adde b\u00fcy\u00fc\u00admek\u00adte ve yat\u0131r\u0131mc\u0131la\u00adra yat\u0131r\u0131m port\u00adf\u00f6y\u00adle\u00adri\u00adni \u00e7e\u015fit\u00adlen\u00addir\u00admek i\u00e7in m\u00fckem\u00admel f\u0131rs\u00adat\u00adlar sun\u00adm\u00adakt\u00ada\u00add\u0131r. Bu yaz\u0131\u00adda, K\u0131br\u0131s emlak piya\u00adsas\u0131nda\u00adki mev\u00adcut e\u011fi\u00adlim\u00adle\u00adri ve hem Kuzey hem de G\u00fcney K\u0131br\u0131s\u2019\u00adta emlak yat\u0131r\u0131m\u0131 i\u00e7in en pop\u00fc\u00adler alan\u00adlar\u0131 inceleyece\u011fiz.<\/p>\n<h2>K\u0131br\u0131s Emlak Piya\u00adsas\u0131nda\u00adki G\u00fcn\u00adcel Trendler<\/h2>\n<p>K\u0131br\u0131s emlak piya\u00adsas\u0131 can\u00adl\u0131\u00add\u0131r ve hem yerel hem de ulus\u00adlara\u00adras\u0131 al\u0131c\u0131lar i\u00e7in \u00e7ok \u00e7e\u015fit\u00adli m\u00fclk t\u00fcr\u00adle\u00adri ve fiyat\u00adlar\u0131 mev\u00adcut\u00adtur. Son y\u0131l\u00adlar\u00adda hem Kuzey hem de G\u00fcney K\u0131br\u0131s\u2019\u00adta\u00adki emlak piya\u00adsas\u0131 istik\u00adrar\u00adl\u0131 bir \u015fekil\u00adde b\u00fcy\u00fc\u00admek\u00adte\u00addir. Bu b\u00fcy\u00fc\u00adme, \u00fclke\u00adn\u00adin elver\u00adi\u015f\u00adli ver\u00adgi yasalar\u0131, istik\u00adrar\u00adl\u0131 bir siya\u00adsi ve eko\u00adno\u00admik ortam ve adan\u0131n do\u011fal g\u00fczel\u00adli\u011fi gibi \u00e7e\u015fit\u00adli fakt\u00f6r\u00adle\u00adre ba\u011flanabilir.<\/p>\n<h2>COVID-19\u2019un K\u0131br\u0131s Emlak Piya\u00adsas\u0131 \u00dczer\u00adinde\u00adki Etkisi<\/h2>\n<p>COVID-19 sal\u00adg\u0131n\u0131n\u0131n K\u0131br\u0131s emlak piya\u00adsas\u0131 \u00fczerinde de etki\u00adsi oldu. Bir\u00ad\u00e7ok yat\u0131r\u0131mc\u0131 sal\u00adg\u0131n s\u0131ras\u0131n\u00adda g\u00fcven\u00adli bir liman yat\u0131r\u0131m\u0131 ola\u00adrak gay\u00adri\u00admen\u00adku\u00adle y\u00f6nel\u00addi ve K\u0131br\u0131s da bir istis\u00adna olma\u00add\u0131. Pan\u00adde\u00admi ayn\u0131 zaman\u00adda uzak\u00adtan \u00e7al\u0131\u015f\u00adman\u0131n art\u00admas\u0131\u00adna neden oldu ve bu da aday\u0131 \u00e7al\u0131\u015f\u00admak i\u00e7in daha s\u0131cak ve g\u00fcne\u015f\u00adli bir yer ara\u00adyan yaban\u00adc\u0131 yat\u0131r\u0131mc\u0131lar i\u00e7in daha cazip hale getirdi.<\/p>\n<h2>G\u00fcney K\u0131br\u0131s\u2019\u00adta Gay\u00adri\u00admen\u00adkul Yat\u0131r\u0131m\u0131 i\u00e7in Pop\u00fc\u00adler B\u00f6lgeler<\/h2>\n<p>G\u00fcney K\u0131br\u0131s\u2019\u00adta gay\u00adri\u00admen\u00adkul yat\u0131r\u0131m\u0131 i\u00e7in en pop\u00fc\u00adler b\u00f6l\u00adge\u00adler Lef\u00adko\u015fa, Lima\u00adsol ve Baf\u2019\u00adt\u0131r. \u00dclke\u00adn\u00adin ba\u015fken\u00adti Lef\u00adko\u015fa, \u00e7e\u015fit\u00adli tica\u00adri ve konut m\u00fcl\u00adk\u00adle\u00adri sun\u00adan hare\u00adket\u00adli bir \u015fehir\u00addir. G\u00fcney k\u0131y\u0131s\u0131n\u00adda yer alan Lima\u00adsol, son y\u0131l\u00adlar\u00adda \u00f6nem\u00adli bir geli\u015f\u00adme g\u00f6s\u00adte\u00adren modern ve koz\u00admo\u00adpo\u00adlit bir \u015fehir\u00addir. Bat\u0131 k\u0131y\u0131s\u0131n\u00adda yer alan Baf, tarihi evler ve modern dai\u00adre\u00adler de dahil olmak \u00fcze\u00adre \u00e7e\u015fit\u00adli m\u00fcl\u00adk\u00adler sun\u00adan daha gel\u00aden\u00adek\u00adsel bir \u015fehirdir.<\/p>\n<h2>Kuzey K\u0131br\u0131s\u2019\u00adta Gay\u00adri\u00admen\u00adkul Yat\u0131r\u0131m\u0131 i\u00e7in Pop\u00fc\u00adler B\u00f6lgeler<\/h2>\n<p>Kuzey K\u0131br\u0131s\u2019\u00adta emlak yat\u0131r\u0131m\u0131 i\u00e7in en pop\u00fc\u00adler b\u00f6l\u00adge\u00adler Gir\u00adne (Gir\u00adne ola\u00adrak da bili\u00adnir), Gazi\u00adma\u011fu\u00adsa ve Lef\u00adko\u015fa\u2019\u00add\u0131r. Kuzey k\u0131y\u0131s\u0131n\u00adda yer alan Gir\u00adne, hem turist\u00adler hem de gur\u00adbe\u00adt\u00ad\u00e7i\u00adler aras\u0131n\u00adda pop\u00fc\u00adler olan pito\u00adresk bir liman kent\u00adi\u00addir. Do\u011fu k\u0131y\u0131s\u0131n\u00adda yer alan Gazi\u00adma\u011fu\u00adsa, vill\u00ada\u00adlar ve dai\u00adre\u00adler de dahil olmak \u00fcze\u00adre \u00e7e\u015fit\u00adli m\u00fcl\u00adk\u00adler sun\u00adan tarihi bir kas\u00ada\u00adba\u00add\u0131r. Kuzey ve G\u00fcney K\u0131br\u0131s aras\u0131nda\u00adki tam\u00adpon b\u00f6l\u00adge\u00adde yer alan Lef\u00adko\u015fa, \u00e7e\u015fit\u00adli tica\u00adri ve konut m\u00fcl\u00adk\u00adle\u00adri sunmaktad\u0131r.<\/p>\n<p>K\u0131br\u0131s emlak piya\u00adsas\u0131 hem yerel hem de ulus\u00adlara\u00adras\u0131 yat\u0131r\u0131mc\u0131lar i\u00e7in m\u00fckem\u00admel f\u0131rs\u00adat\u00adlar sun\u00adm\u00adakt\u00ada\u00add\u0131r. Hem Kuzey hem de G\u00fcney K\u0131br\u0131s\u2019\u00adta bul\u00adun\u00adan \u00e7e\u015fit\u00adli m\u00fcl\u00adk\u00adler\u00adle, yat\u0131r\u0131mc\u0131lar bir gay\u00adri\u00admen\u00adkul yat\u0131r\u0131m f\u0131r\u00adsa\u00adt\u0131 arar\u00adken aralar\u0131n\u00addan se\u00e7im yapa\u00adbil\u00adece\u00adkle\u00adri \u00e7ok say\u00ad\u0131\u00adda se\u00e7e\u00adne\u011fe sahiptir. Adan\u0131n do\u011fal g\u00fczel\u00adli\u011fi, elver\u00adi\u015f\u00adli ver\u00adgi yasalar\u0131 ve istik\u00adrar\u00adl\u0131 siya\u00adsi ve eko\u00adno\u00admik ortam\u0131, aday\u0131 emlak yat\u0131r\u0131m\u0131 yap\u00admak i\u00e7in cazip bir yer hali\u00adne getirmektedir.<\/p>\n","protected":false},"excerpt":{"rendered":"<p>K\u0131br\u0131s uzun y\u0131l\u00adlar\u00add\u0131r gay\u00adri\u00admen\u00adkul yat\u0131r\u0131mc\u0131lar\u0131n\u0131n ilgi\u00adsi\u00adni \u00e7ek\u00admeye devam edi\u00adyor. Hem Kuzey hem de G\u00fcney K\u0131br\u0131s\u2019\u00adta\u00adki emlak piya\u00adsas\u0131 istik\u00adrar\u00adl\u0131 bir \u015fekil\u00adde b\u00fcy\u00fc\u00admek\u00adte ve yat\u0131r\u0131mc\u0131la\u00adra yat\u0131r\u0131m port\u00adf\u00f6y\u00adle\u00adri\u00adni \u00e7e\u015fit\u00adlen\u00addir\u00admek i\u00e7in m\u00fckem\u00admel f\u0131rs\u00adat\u00adlar sun\u00adm\u00adakt\u00ada\u00add\u0131r. Bu yaz\u0131\u00adda, K\u0131br\u0131s emlak piya\u00adsas\u0131nda\u00adki mev\u00adcut e\u011fi\u00adlim\u00adle\u00adri ve hem Kuzey hem de G\u00fcney K\u0131br\u0131s\u2019\u00adta emlak yat\u0131r\u0131m\u0131 i\u00e7in en pop\u00fc\u00adler alan\u00adlar\u0131 ince\u00adleye\u00adce\u011fiz. K\u0131br\u0131s Emlak Piya\u00adsas\u0131nda\u00adki G\u00fcn\u00adcel Trend\u00adler K\u0131br\u0131s emlak piya\u00adsas\u0131 can\u00adl\u0131\u00add\u0131r ve hem yerel hem de ulus\u00adlara\u00adras\u0131 al\u0131c\u0131lar i\u00e7in \u00e7ok \u00e7e\u015fit\u00adli m\u00fclk t\u00fcr\u00adle\u00adri ve fiyat\u00adlar\u0131 mev\u00adcut\u00adtur. Son y\u0131l\u00adlar\u00adda hem Kuzey hem de G\u00fcney K\u0131br\u0131s\u2019\u00adta\u00adki emlak piya\u00adsas\u0131 istik\u00adrar\u00adl\u0131 bir \u015fekil\u00adde b\u00fcy\u00fc\u00admek\u00adte\u00addir. Bu b\u00fcy\u00fc\u00adme, \u00fclke\u00adn\u00adin elver\u00adi\u015f\u00adli ver\u00adgi yasalar\u0131, istik\u00adrar\u00adl\u0131 bir siya\u00adsi ve eko\u00adno\u00admik ortam ve adan\u0131n do\u011fal g\u00fczel\u00adli\u011fi gibi \u00e7e\u015fit\u00adli fakt\u00f6r\u00adle\u00adre ba\u011flana\u00adbi\u00adlir. COVID-19\u2019un K\u0131br\u0131s Emlak Piya\u00adsas\u0131 \u00dczer\u00adinde\u00adki Etki\u00adsi COVID-19 sal\u00adg\u0131n\u0131n\u0131n K\u0131br\u0131s emlak piya\u00adsas\u0131 \u00fczerinde de etki\u00adsi oldu. Bir\u00ad\u00e7ok yat\u0131r\u0131mc\u0131 sal\u00adg\u0131n s\u0131ras\u0131n\u00adda g\u00fcven\u00adli bir liman yat\u0131r\u0131m\u0131 ola\u00adrak gay\u00adri\u00admen\u00adku\u00adle y\u00f6nel\u00addi ve K\u0131br\u0131s da bir istis\u00adna olma\u00add\u0131. Pan\u00adde\u00admi ayn\u0131 zaman\u00adda uzak\u00adtan \u00e7al\u0131\u015f\u00adman\u0131n art\u00admas\u0131\u00adna neden oldu ve bu da aday\u0131 \u00e7al\u0131\u015f\u00admak i\u00e7in daha s\u0131cak ve g\u00fcne\u015f\u00adli bir yer ara\u00adyan yaban\u00adc\u0131 yat\u0131r\u0131mc\u0131lar i\u00e7in daha cazip hale get\u00adir\u00addi. G\u00fcney K\u0131br\u0131s\u2019\u00adta Gay\u00adri\u00admen\u00adkul Yat\u0131r\u0131m\u0131 i\u00e7in Pop\u00fc\u00adler B\u00f6l\u00adge\u00adler G\u00fcney K\u0131br\u0131s\u2019\u00adta gay\u00adri\u00admen\u00adkul yat\u0131r\u0131m\u0131 i\u00e7in en pop\u00fc\u00adler b\u00f6l\u00adge\u00adler Lef\u00adko\u015fa, Lima\u00adsol ve Baf\u2019\u00adt\u0131r. \u00dclke\u00adn\u00adin ba\u015fken\u00adti Lef\u00adko\u015fa, \u00e7e\u015fit\u00adli tica\u00adri ve konut m\u00fcl\u00adk\u00adle\u00adri sun\u00adan hare\u00adket\u00adli bir \u015fehirdir.\u2026<\/p>\n","protected":false},"author":1,"featured_media":0,"parent":0,"menu_order":0,"comment_status":"closed","ping_status":"open","template":"","meta":{"_acf_changed":false,"wp_typography_post_enhancements_disabled":false,"footnotes":""},"class_list":["post-597","page","type-page","status-publish","hentry"],"acf":[],"_links":{"self":[{"href":"https:\/\/www.real-estate-in-cyprus.com\/tr\/wp-json\/wp\/v2\/pages\/597","targetHints":{"allow":["GET"]}}],"collection":[{"href":"https:\/\/www.real-estate-in-cyprus.com\/tr\/wp-json\/wp\/v2\/pages"}],"about":[{"href":"https:\/\/www.real-estate-in-cyprus.com\/tr\/wp-json\/wp\/v2\/types\/page"}],"author":[{"embeddable":true,"href":"https:\/\/www.real-estate-in-cyprus.com\/tr\/wp-json\/wp\/v2\/users\/1"}],"replies":[{"embeddable":true,"href":"https:\/\/www.real-estate-in-cyprus.com\/tr\/wp-json\/wp\/v2\/comments?post=597"}],"version-history":[{"count":1,"href":"https:\/\/www.real-estate-in-cyprus.com\/tr\/wp-json\/wp\/v2\/pages\/597\/revisions"}],"predecessor-version":[{"id":598,"href":"https:\/\/www.real-estate-in-cyprus.com\/tr\/wp-json\/wp\/v2\/pages\/597\/revisions\/598"}],"wp:attachment":[{"href":"https:\/\/www.real-estate-in-cyprus.com\/tr\/wp-json\/wp\/v2\/media?parent=597"}],"curies":[{"name":"wp","href":"https:\/\/api.w.org\/{rel}","templated":true}]}}